{"id":785,"date":"2024-03-27T17:24:00","date_gmt":"2024-03-27T17:24:00","guid":{"rendered":"https:\/\/heartandart.org\/?page_id=785"},"modified":"2024-04-09T15:50:29","modified_gmt":"2024-04-09T13:50:29","slug":"gestion-de-alojamientos-turisticos","status":"publish","type":"page","link":"https:\/\/heartandart.org\/?page_id=785","title":{"rendered":"Pol\u00edtica de cookies"},"content":{"rendered":"<div id='av-layout-grid-1'  class='av-layout-grid-container av-lusfudv4-54a6f25b92d2a53cfc41ba54e68e734b entry-content-wrapper main_color av-flex-cells  avia-builder-el-0  avia-builder-el-no-sibling  av-cell-min-height av-cell-min-height-100  container_wrap fullsize'   data-av_minimum_height_pc='100'>\n<div class='flex_cell av-mqrwx-3b7faba6d3ac03cad98d5b3afb5bc22b av-gridrow-cell av_one_full no_margin  avia-builder-el-1  avia-builder-el-no-sibling '  ><div class='flex_cell_inner'><div  class='flex_column av-73cqh-966f8468b7800e1f8527ef247486a3f3 av_one_full  avia-builder-el-2  avia-builder-el-no-sibling  first flex_column_div  '     ><style type=\"text\/css\" data-created_by=\"avia_inline_auto\" id=\"style-css-av-lusftf3e-6b753d8d26b13ad29ffebd0c4a140742\">\n#top .av_textblock_section.av-lusftf3e-6b753d8d26b13ad29ffebd0c4a140742 .avia_textblock{\ncolor:#1e3f36;\n}\n<\/style>\n<section  class='av_textblock_section av-lusftf3e-6b753d8d26b13ad29ffebd0c4a140742 '   itemscope=\"itemscope\" itemtype=\"https:\/\/schema.org\/CreativeWork\" ><div class='avia_textblock av_inherit_color'  itemprop=\"text\" ><p>Housinn\u00a0utiliza cookies en su sitio web, ya sea por su propia cuenta o por cuenta de terceros contratados o colaboradores. Estas cookies se activan al navegar por el sitio y no contienen datos personales, est\u00e1n asociadas de forma an\u00f3nima al ordenador del usuario y no proporcionan a housinn\u00a0datos personales.<\/p>\n<p>La finalidad de estas cookies es mejorar el servicio y la experiencia de navegaci\u00f3n del usuario.<\/p>\n<p>Al navegar por el sitio web, como usuario consientes en el uso de las cookies y en las condiciones establecidas en la Pol\u00edtica de cookies.<\/p>\n<p>Tienes la opci\u00f3n de configurar tu navegador para impedir la instalaci\u00f3n de cookies en tu equipo.<\/p>\n<p>El texto tambi\u00e9n proporciona informaci\u00f3n sobre la definici\u00f3n y funci\u00f3n de las cookies, as\u00ed como los diferentes tipos de cookies, como cookies propias, de terceros, de sesi\u00f3n, persistentes, t\u00e9cnicas, de personalizaci\u00f3n, de an\u00e1lisis, publicitarias y de publicidad comportamental.<\/p>\n<\/div><\/section><\/div>\n<\/div><\/div><\/div>\n","protected":false},"excerpt":{"rendered":"","protected":false},"author":1,"featured_media":0,"parent":0,"menu_order":0,"comment_status":"closed","ping_status":"closed","template":"","meta":{"inline_featured_image":false,"_monsterinsights_skip_tracking":false,"_monsterinsights_sitenote_active":false,"_monsterinsights_sitenote_note":"","_monsterinsights_sitenote_category":0,"footnotes":""},"aioseo_notices":[],"_links":{"self":[{"href":"https:\/\/heartandart.org\/index.php?rest_route=\/wp\/v2\/pages\/785"}],"collection":[{"href":"https:\/\/heartandart.org\/index.php?rest_route=\/wp\/v2\/pages"}],"about":[{"href":"https:\/\/heartandart.org\/index.php?rest_route=\/wp\/v2\/types\/page"}],"author":[{"embeddable":true,"href":"https:\/\/heartandart.org\/index.php?rest_route=\/wp\/v2\/users\/1"}],"replies":[{"embeddable":true,"href":"https:\/\/heartandart.org\/index.php?rest_route=%2Fwp%2Fv2%2Fcomments&post=785"}],"version-history":[{"count":5,"href":"https:\/\/heartandart.org\/index.php?rest_route=\/wp\/v2\/pages\/785\/revisions"}],"predecessor-version":[{"id":1045,"href":"https:\/\/heartandart.org\/index.php?rest_route=\/wp\/v2\/pages\/785\/revisions\/1045"}],"wp:attachment":[{"href":"https:\/\/heartandart.org\/index.php?rest_route=%2Fwp%2Fv2%2Fmedia&parent=785"}],"curies":[{"name":"wp","href":"https:\/\/api.w.org\/{rel}","templated":true}]}}