{"id":1050,"date":"2024-04-09T16:07:47","date_gmt":"2024-04-09T14:07:47","guid":{"rendered":"https:\/\/heartandart.org\/?page_id=1050"},"modified":"2024-04-09T16:07:47","modified_gmt":"2024-04-09T14:07:47","slug":"politica-de-privacidad","status":"publish","type":"page","link":"https:\/\/heartandart.org\/?page_id=1050","title":{"rendered":"Pol\u00edtica de privacidad"},"content":{"rendered":"<div id='av-layout-grid-1'  class='av-layout-grid-container av-lusfudv4-54a6f25b92d2a53cfc41ba54e68e734b entry-content-wrapper main_color av-flex-cells  avia-builder-el-0  avia-builder-el-no-sibling  av-cell-min-height av-cell-min-height-100  container_wrap fullsize'   data-av_minimum_height_pc='100'>\n<div class='flex_cell av-mqrwx-3b7faba6d3ac03cad98d5b3afb5bc22b av-gridrow-cell av_one_full no_margin  avia-builder-el-1  avia-builder-el-no-sibling '  ><div class='flex_cell_inner'><div  class='flex_column av-73cqh-966f8468b7800e1f8527ef247486a3f3 av_one_full  avia-builder-el-2  avia-builder-el-no-sibling  first flex_column_div  '     ><style type=\"text\/css\" data-created_by=\"avia_inline_auto\" id=\"style-css-av-lusftf3e-6b753d8d26b13ad29ffebd0c4a140742\">\n#top .av_textblock_section.av-lusftf3e-6b753d8d26b13ad29ffebd0c4a140742 .avia_textblock{\ncolor:#1e3f36;\n}\n<\/style>\n<section  class='av_textblock_section av-lusftf3e-6b753d8d26b13ad29ffebd0c4a140742 '   itemscope=\"itemscope\" itemtype=\"https:\/\/schema.org\/CreativeWork\" ><div class='avia_textblock av_inherit_color'  itemprop=\"text\" ><p>Housinn el responsable del tratamiento de datos personales del usuario, informa que estos ser\u00e1n tratados de acuerdo con el Reglamento (UE) 2016\/679 (GDPR). Los datos se utilizar\u00e1n para mantener una relaci\u00f3n comercial, enviar comunicaciones comerciales, realizar estudios estad\u00edsticos, gestionar solicitudes y enviar boletines de noticias. El tratamiento se basa en el consentimiento del interesado. Los datos se conservar\u00e1n mientras sea necesario para el fin del tratamiento y se eliminar\u00e1n cuando ya no sea necesario, garantizando la seguridad de los mismos. No se comunicar\u00e1n los datos a terceros, salvo obligaci\u00f3n legal. Los usuarios tienen derecho a retirar el consentimiento, acceder, rectificar, portar y suprimir sus datos, as\u00ed como a oponerse a su tratamiento y presentar reclamaciones ante la autoridad de control. La informaci\u00f3n proporcionada por el usuario es necesaria para la prestaci\u00f3n de servicios \u00f3ptimos, y el usuario garantiza la veracidad de los datos proporcionados. Se han implementado medidas de seguridad adecuadas para proteger los datos seg\u00fan lo establecido en el GDPR. El acceso y uso del sitio web est\u00e1n sujetos a t\u00e9rminos y condiciones detallados en el aviso legal. El sitio web puede ser actualizado sin previo aviso, y el acceso a algunos servicios puede requerir registro previo. La ley aplicable es la de Espa\u00f1a y cualquier disputa se somete a los tribunales de Valencia.<\/p>\n<\/div><\/section><\/div>\n<\/div><\/div><\/div>\n","protected":false},"excerpt":{"rendered":"","protected":false},"author":1,"featured_media":0,"parent":0,"menu_order":0,"comment_status":"closed","ping_status":"closed","template":"","meta":{"inline_featured_image":false,"_monsterinsights_skip_tracking":false,"_monsterinsights_sitenote_active":false,"_monsterinsights_sitenote_note":"","_monsterinsights_sitenote_category":0,"footnotes":""},"aioseo_notices":[],"_links":{"self":[{"href":"https:\/\/heartandart.org\/index.php?rest_route=\/wp\/v2\/pages\/1050"}],"collection":[{"href":"https:\/\/heartandart.org\/index.php?rest_route=\/wp\/v2\/pages"}],"about":[{"href":"https:\/\/heartandart.org\/index.php?rest_route=\/wp\/v2\/types\/page"}],"author":[{"embeddable":true,"href":"https:\/\/heartandart.org\/index.php?rest_route=\/wp\/v2\/users\/1"}],"replies":[{"embeddable":true,"href":"https:\/\/heartandart.org\/index.php?rest_route=%2Fwp%2Fv2%2Fcomments&post=1050"}],"version-history":[{"count":1,"href":"https:\/\/heartandart.org\/index.php?rest_route=\/wp\/v2\/pages\/1050\/revisions"}],"predecessor-version":[{"id":1051,"href":"https:\/\/heartandart.org\/index.php?rest_route=\/wp\/v2\/pages\/1050\/revisions\/1051"}],"wp:attachment":[{"href":"https:\/\/heartandart.org\/index.php?rest_route=%2Fwp%2Fv2%2Fmedia&parent=1050"}],"curies":[{"name":"wp","href":"https:\/\/api.w.org\/{rel}","templated":true}]}}